{"id":96,"date":"2025-08-19T12:40:03","date_gmt":"2025-08-19T11:40:03","guid":{"rendered":"https:\/\/ligrade.com\/africa-bright\/?page_id=96"},"modified":"2025-10-16T13:32:24","modified_gmt":"2025-10-16T12:32:24","slug":"politique-de-confidentialite","status":"publish","type":"page","link":"https:\/\/africabright.com\/en\/politique-de-confidentialite\/","title":{"rendered":"Privacy Policy"},"content":{"rendered":"<div data-elementor-type=\"wp-page\" data-elementor-id=\"96\" class=\"elementor elementor-96\" data-elementor-post-type=\"page\">\n\t\t\t\t\t\t<section data-particle_enable=\"false\" data-particle-mobile-disabled=\"false\" class=\"elementor-section elementor-top-section elementor-element elementor-element-91db7b8 elementor-section-boxed elementor-section-height-default elementor-section-height-default\" data-id=\"91db7b8\" data-element_type=\"section\" data-e-type=\"section\" data-settings=\"{&quot;background_background&quot;:&quot;classic&quot;,&quot;ekit_has_onepagescroll_dot&quot;:&quot;yes&quot;}\">\n\t\t\t\t\t\t<div class=\"elementor-container elementor-column-gap-default\">\n\t\t\t\t\t<div class=\"elementor-column elementor-col-100 elementor-top-column elementor-element elementor-element-ff5702a\" data-id=\"ff5702a\" data-element_type=\"column\" data-e-type=\"column\">\n\t\t\t<div class=\"elementor-widget-wrap elementor-element-populated\">\n\t\t\t\t\t\t\t<\/div>\n\t\t<\/div>\n\t\t\t\t\t<\/div>\n\t\t<\/section>\n\t\t\t\t<section data-particle_enable=\"false\" data-particle-mobile-disabled=\"false\" class=\"elementor-section elementor-top-section elementor-element elementor-element-78d9dd2 elementor-section-boxed elementor-section-height-default elementor-section-height-default\" data-id=\"78d9dd2\" data-element_type=\"section\" data-e-type=\"section\" data-settings=\"{&quot;ekit_has_onepagescroll_dot&quot;:&quot;yes&quot;}\">\n\t\t\t\t\t\t<div class=\"elementor-container elementor-column-gap-default\">\n\t\t\t\t\t<div class=\"elementor-column elementor-col-100 elementor-top-column elementor-element elementor-element-ff51b53\" data-id=\"ff51b53\" data-element_type=\"column\" data-e-type=\"column\">\n\t\t\t<div class=\"elementor-widget-wrap elementor-element-populated\">\n\t\t\t\t\t\t<div class=\"elementor-element elementor-element-0a67a4e elementor-widget elementor-widget-heading\" data-id=\"0a67a4e\" data-element_type=\"widget\" data-e-type=\"widget\" data-settings=\"{&quot;ekit_we_effect_on&quot;:&quot;none&quot;}\" data-widget_type=\"heading.default\">\n\t\t\t\t\t<h5 class=\"elementor-heading-title elementor-size-default\">Privacy Policy \u2013 Use of Cookies<\/h5>\t\t\t\t<\/div>\n\t\t\t\t<div class=\"elementor-element elementor-element-e68ba4c elementor-widget elementor-widget-text-editor\" data-id=\"e68ba4c\" data-element_type=\"widget\" data-e-type=\"widget\" data-settings=\"{&quot;ekit_we_effect_on&quot;:&quot;none&quot;}\" data-widget_type=\"text-editor.default\">\n\t\t\t\t\t\t\t\t\t<p>The Africa Bright website automatically collects certain information from your browsing session (such as browser type, operating system, IP address, etc.). This data is used for statistical purposes, to analyze website usage, improve functionality, and generate aggregated traffic reports.<\/p><h5><strong>Use of Cookies<\/strong>\u2028:<\/h5><p>Africa Bright may use cookies to better manage its website and enhance your user experience. Cookies are small text files stored on your device that allow the website to recognize your preferences on future visits, facilitate navigation, and compile aggregate data for analysis. Cookies do not harm your device or files.\nCookies alone do not allow us to identify you personally. You remain free to configure your browser to refuse or disable some or all cookies. However, certain features of the website may become unavailable if cookies are disabled.<\/p><p>Cookies alone do not allow us to identify you personally. You remain free to configure your browser to refuse or disable some or all cookies. However, certain features of the website may become unavailable if cookies are disabled.<\/p><h5><strong>Managing Your Cookies<\/strong><\/h5><p>You have several options to manage or delete cookies:<\/p><ul><li>Accept all cookies<\/li><li>Reject all cookies<\/li><li>Accept specific cookies depending on the source.<\/li><\/ul><p>Each browser has different settings for managing cookies. You can refer to your browser's help section to find out how to adjust your preferences:<br \/>For Internet Explorer\u2122 : <a href=\"https:\/\/support.microsoft.com\/en-us\/windows\/manage-cookies-in-microsoft-edge-view-allow-block-delete-and-use-168dab11-0753-043d-7c16-ede5947fc64d\">https:\/\/support.microsoft.com\/en-us\/windows\/manage-cookies-in-microsoft-edge-view-allow-block-delete-and-use-168dab11-0753-043d-7c16-ede5947fc64d<\/a><br \/>For Safari\u2122 : <a href=\"https:\/\/help.apple.com\/safari\/mac\/8.0\/en.lproj\/sfri11471.html\">https:\/\/help.apple.com\/safari\/mac\/8.0\/en.lproj\/sfri11471.html<\/a><br \/>For Chrome\u2122 : <a href=\"https:\/\/support.google.com\/chrome\/answer\/95647?hl=en\">https:\/\/support.google.com\/chrome\/answer\/95647?hl=en<\/a><br \/>For Firefox\u2122 : <a href=\"https:\/\/www.firefox.com\/en\/privacy\/websites\/cookie-settings\/\">https:\/\/www.firefox.com\/en\/privacy\/websites\/cookie-settings\/<\/a><br \/>For Opera\u2122 : <a href=\"https:\/\/help.opera.com\/Windows\/10.20\/en\/cookies.html\">https:\/\/help.opera.com\/Windows\/10.20\/en\/cookies.html<\/a><\/p><p>Please note that rejecting cookies may limit your access to certain services and features on the Africa Bright website. In such cases, Africa Bright cannot be held responsible for any resulting limitations.<\/p><h5><strong>Contact us<\/strong><\/h5><p>If you notice any errors or omissions in this policy or have questions, please contact us via our contact form.<\/p>\t\t\t\t\t\t\t\t<\/div>\n\t\t\t\t\t<\/div>\n\t\t<\/div>\n\t\t\t\t\t<\/div>\n\t\t<\/section>\n\t\t\t\t<\/div>","protected":false},"excerpt":{"rendered":"<p>Politique de confidentialit\u00e9 \u2013 Utilisation des cookies Les serveurs web du site internet d\u2019Africa Bright collectent automatiquement certaines informations relatives \u00e0 votre navigation (comme le type de navigateur utilis\u00e9, le syst\u00e8me d\u2019exploitation, l\u2019adresse IP, etc.). Ces donn\u00e9es sont utilis\u00e9es \u00e0 des fins statistiques, pour analyser l\u2019usage du site, am\u00e9liorer son fonctionnement, et produire des indicateurs [&hellip;]<\/p>\n","protected":false},"author":1,"featured_media":0,"parent":0,"menu_order":11,"comment_status":"closed","ping_status":"closed","template":"elementor_header_footer","meta":{"rs_blank_template":"","rs_page_bg_color":"","slide_template_v7":"","footnotes":""},"class_list":["post-96","page","type-page","status-publish","hentry"],"yoast_head":"<!-- This site is optimized with the Yoast SEO plugin v27.4 - https:\/\/yoast.com\/product\/yoast-seo-wordpress\/ -->\n<title>Politique de confidentialit\u00e9 - Africa Bright<\/title>\n<meta name=\"robots\" content=\"index, follow, max-snippet:-1, max-image-preview:large, max-video-preview:-1\" \/>\n<link rel=\"canonical\" href=\"https:\/\/africabright.com\/en\/politique-de-confidentialite\/\" \/>\n<meta property=\"og:locale\" content=\"en_GB\" \/>\n<meta property=\"og:type\" content=\"article\" \/>\n<meta property=\"og:title\" content=\"Politique de confidentialit\u00e9 - Africa Bright\" \/>\n<meta property=\"og:description\" content=\"Politique de confidentialit\u00e9 \u2013 Utilisation des cookies Les serveurs web du site internet d\u2019Africa Bright collectent automatiquement certaines informations relatives \u00e0 votre navigation (comme le type de navigateur utilis\u00e9, le syst\u00e8me d\u2019exploitation, l\u2019adresse IP, etc.). Ces donn\u00e9es sont utilis\u00e9es \u00e0 des fins statistiques, pour analyser l\u2019usage du site, am\u00e9liorer son fonctionnement, et produire des indicateurs [&hellip;]\" \/>\n<meta property=\"og:url\" content=\"https:\/\/africabright.com\/en\/politique-de-confidentialite\/\" \/>\n<meta property=\"og:site_name\" content=\"Africa Bright\" \/>\n<meta property=\"article:publisher\" content=\"https:\/\/www.facebook.com\/profile.php?id=61571468835154\" \/>\n<meta property=\"article:modified_time\" content=\"2025-10-16T12:32:24+00:00\" \/>\n<meta name=\"twitter:card\" content=\"summary_large_image\" \/>\n<meta name=\"twitter:site\" content=\"@AfricaBright_\" \/>\n<meta name=\"twitter:label1\" content=\"Estimated reading time\" \/>\n\t<meta name=\"twitter:data1\" content=\"2 minutes\" \/>\n<script type=\"application\/ld+json\" class=\"yoast-schema-graph\">{\"@context\":\"https:\\\/\\\/schema.org\",\"@graph\":[{\"@type\":\"WebPage\",\"@id\":\"https:\\\/\\\/africabright.com\\\/politique-de-confidentialite\\\/\",\"url\":\"https:\\\/\\\/africabright.com\\\/politique-de-confidentialite\\\/\",\"name\":\"Politique de confidentialit\u00e9 - Africa Bright\",\"isPartOf\":{\"@id\":\"https:\\\/\\\/africabright.com\\\/#website\"},\"datePublished\":\"2025-08-19T11:40:03+00:00\",\"dateModified\":\"2025-10-16T12:32:24+00:00\",\"breadcrumb\":{\"@id\":\"https:\\\/\\\/africabright.com\\\/politique-de-confidentialite\\\/#breadcrumb\"},\"inLanguage\":\"en-GB\",\"potentialAction\":[{\"@type\":\"ReadAction\",\"target\":[\"https:\\\/\\\/africabright.com\\\/politique-de-confidentialite\\\/\"]}]},{\"@type\":\"BreadcrumbList\",\"@id\":\"https:\\\/\\\/africabright.com\\\/politique-de-confidentialite\\\/#breadcrumb\",\"itemListElement\":[{\"@type\":\"ListItem\",\"position\":1,\"name\":\"Accueil\",\"item\":\"https:\\\/\\\/africabright.com\\\/\"},{\"@type\":\"ListItem\",\"position\":2,\"name\":\"Politique de confidentialit\u00e9\"}]},{\"@type\":\"WebSite\",\"@id\":\"https:\\\/\\\/africabright.com\\\/#website\",\"url\":\"https:\\\/\\\/africabright.com\\\/\",\"name\":\"Africa Bright\",\"description\":\"Banque d\u2019affaires ind\u00e9pendante\",\"publisher\":{\"@id\":\"https:\\\/\\\/africabright.com\\\/#organization\"},\"potentialAction\":[{\"@type\":\"SearchAction\",\"target\":{\"@type\":\"EntryPoint\",\"urlTemplate\":\"https:\\\/\\\/africabright.com\\\/?s={search_term_string}\"},\"query-input\":{\"@type\":\"PropertyValueSpecification\",\"valueRequired\":true,\"valueName\":\"search_term_string\"}}],\"inLanguage\":\"en-GB\"},{\"@type\":\"Organization\",\"@id\":\"https:\\\/\\\/africabright.com\\\/#organization\",\"name\":\"Africa Bright\",\"url\":\"https:\\\/\\\/africabright.com\\\/\",\"logo\":{\"@type\":\"ImageObject\",\"inLanguage\":\"en-GB\",\"@id\":\"https:\\\/\\\/africabright.com\\\/#\\\/schema\\\/logo\\\/image\\\/\",\"url\":\"https:\\\/\\\/africabright.com\\\/wp-content\\\/uploads\\\/2025\\\/09\\\/logo_AB.svg\",\"contentUrl\":\"https:\\\/\\\/africabright.com\\\/wp-content\\\/uploads\\\/2025\\\/09\\\/logo_AB.svg\",\"width\":119,\"height\":70,\"caption\":\"Africa Bright\"},\"image\":{\"@id\":\"https:\\\/\\\/africabright.com\\\/#\\\/schema\\\/logo\\\/image\\\/\"},\"sameAs\":[\"https:\\\/\\\/www.facebook.com\\\/profile.php?id=61571468835154\",\"https:\\\/\\\/x.com\\\/AfricaBright_\",\"https:\\\/\\\/www.linkedin.com\\\/company\\\/africabright\",\"https:\\\/\\\/www.instagram.com\\\/africabright.am\\\/\"]}]}<\/script>\n<!-- \/ Yoast SEO plugin. -->","yoast_head_json":{"title":"Politique de confidentialit\u00e9 - Africa Bright","robots":{"index":"index","follow":"follow","max-snippet":"max-snippet:-1","max-image-preview":"max-image-preview:large","max-video-preview":"max-video-preview:-1"},"canonical":"https:\/\/africabright.com\/en\/politique-de-confidentialite\/","og_locale":"en_GB","og_type":"article","og_title":"Politique de confidentialit\u00e9 - Africa Bright","og_description":"Politique de confidentialit\u00e9 \u2013 Utilisation des cookies Les serveurs web du site internet d\u2019Africa Bright collectent automatiquement certaines informations relatives \u00e0 votre navigation (comme le type de navigateur utilis\u00e9, le syst\u00e8me d\u2019exploitation, l\u2019adresse IP, etc.). Ces donn\u00e9es sont utilis\u00e9es \u00e0 des fins statistiques, pour analyser l\u2019usage du site, am\u00e9liorer son fonctionnement, et produire des indicateurs [&hellip;]","og_url":"https:\/\/africabright.com\/en\/politique-de-confidentialite\/","og_site_name":"Africa Bright","article_publisher":"https:\/\/www.facebook.com\/profile.php?id=61571468835154","article_modified_time":"2025-10-16T12:32:24+00:00","twitter_card":"summary_large_image","twitter_site":"@AfricaBright_","twitter_misc":{"Estimated reading time":"2 minutes"},"schema":{"@context":"https:\/\/schema.org","@graph":[{"@type":"WebPage","@id":"https:\/\/africabright.com\/politique-de-confidentialite\/","url":"https:\/\/africabright.com\/politique-de-confidentialite\/","name":"Politique de confidentialit\u00e9 - Africa Bright","isPartOf":{"@id":"https:\/\/africabright.com\/#website"},"datePublished":"2025-08-19T11:40:03+00:00","dateModified":"2025-10-16T12:32:24+00:00","breadcrumb":{"@id":"https:\/\/africabright.com\/politique-de-confidentialite\/#breadcrumb"},"inLanguage":"en-GB","potentialAction":[{"@type":"ReadAction","target":["https:\/\/africabright.com\/politique-de-confidentialite\/"]}]},{"@type":"BreadcrumbList","@id":"https:\/\/africabright.com\/politique-de-confidentialite\/#breadcrumb","itemListElement":[{"@type":"ListItem","position":1,"name":"Accueil","item":"https:\/\/africabright.com\/"},{"@type":"ListItem","position":2,"name":"Politique de confidentialit\u00e9"}]},{"@type":"WebSite","@id":"https:\/\/africabright.com\/#website","url":"https:\/\/africabright.com\/","name":"Africa Bright","description":"Banque d\u2019affaires ind\u00e9pendante","publisher":{"@id":"https:\/\/africabright.com\/#organization"},"potentialAction":[{"@type":"SearchAction","target":{"@type":"EntryPoint","urlTemplate":"https:\/\/africabright.com\/?s={search_term_string}"},"query-input":{"@type":"PropertyValueSpecification","valueRequired":true,"valueName":"search_term_string"}}],"inLanguage":"en-GB"},{"@type":"Organization","@id":"https:\/\/africabright.com\/#organization","name":"Africa Bright","url":"https:\/\/africabright.com\/","logo":{"@type":"ImageObject","inLanguage":"en-GB","@id":"https:\/\/africabright.com\/#\/schema\/logo\/image\/","url":"https:\/\/africabright.com\/wp-content\/uploads\/2025\/09\/logo_AB.svg","contentUrl":"https:\/\/africabright.com\/wp-content\/uploads\/2025\/09\/logo_AB.svg","width":119,"height":70,"caption":"Africa Bright"},"image":{"@id":"https:\/\/africabright.com\/#\/schema\/logo\/image\/"},"sameAs":["https:\/\/www.facebook.com\/profile.php?id=61571468835154","https:\/\/x.com\/AfricaBright_","https:\/\/www.linkedin.com\/company\/africabright","https:\/\/www.instagram.com\/africabright.am\/"]}]}},"_links":{"self":[{"href":"https:\/\/africabright.com\/en\/wp-json\/wp\/v2\/pages\/96","targetHints":{"allow":["GET"]}}],"collection":[{"href":"https:\/\/africabright.com\/en\/wp-json\/wp\/v2\/pages"}],"about":[{"href":"https:\/\/africabright.com\/en\/wp-json\/wp\/v2\/types\/page"}],"author":[{"embeddable":true,"href":"https:\/\/africabright.com\/en\/wp-json\/wp\/v2\/users\/1"}],"replies":[{"embeddable":true,"href":"https:\/\/africabright.com\/en\/wp-json\/wp\/v2\/comments?post=96"}],"version-history":[{"count":34,"href":"https:\/\/africabright.com\/en\/wp-json\/wp\/v2\/pages\/96\/revisions"}],"predecessor-version":[{"id":5433,"href":"https:\/\/africabright.com\/en\/wp-json\/wp\/v2\/pages\/96\/revisions\/5433"}],"wp:attachment":[{"href":"https:\/\/africabright.com\/en\/wp-json\/wp\/v2\/media?parent=96"}],"curies":[{"name":"wp","href":"https:\/\/api.w.org\/{rel}","templated":true}]}}